{"id":24,"date":"2011-11-17T14:03:37","date_gmt":"2011-11-17T14:03:37","guid":{"rendered":"http:\/\/miniservu\/wp\/?page_id=24"},"modified":"2023-10-16T22:29:06","modified_gmt":"2023-10-16T19:29:06","slug":"palvelut","status":"publish","type":"page","link":"https:\/\/provisionict.fi\/?page_id=24","title":{"rendered":"Palvelut"},"content":{"rendered":"<p><span style=\"font-size: 12pt;\"><strong>Pro Vision ICT<\/strong> <strong>Oy<\/strong> tarjoaa asiakkailleen asiantuntevaa ja osaavaa palvelua.<br \/>\nAlla mainittuna muutamia toimintaamme sis\u00e4ltyvi\u00e4 palveluita:<\/span><\/p>\n<ul>\n<li><span style=\"font-size: 12pt;\">Tietotekniikkapalvelut | Huolto | Asennukset | Tuotteiden maahantuonti ja myynti<\/span><\/li>\n<li><span style=\"font-size: 12pt;\">Valvontakameralaitteistot ja niiden asennukset<\/span><\/li>\n<li><span style=\"font-size: 12pt;\">Automaatioj\u00e4rjestelmien suunnittelu ja asennukset<br \/>\n<\/span><\/li>\n<li><span style=\"font-size: 12pt;\">WWW sivustojen valmistus ja suunnittelu<\/span><\/li>\n<li><span style=\"font-size: 12pt;\">WWW kauppapaikkojen suunnittelu, asennus ja yll\u00e4pito<br \/>\n<\/span><\/li>\n<li><span style=\"font-size: 12pt;\">Sis\u00e4ll\u00f6ntuotanto mainosj\u00e4rjestelmiin<\/span><\/li>\n<li><span style=\"font-size: 12pt;\">Mainosj\u00e4rjestelmien myynti, asennus, suunnittelu<br \/>\n<\/span><\/li>\n<li><span style=\"font-size: 12pt;\">A\/V Palvelut (Laitteistojen myynti, asennukset ja projektit)<\/span><\/li>\n<li><span style=\"font-size: 12pt;\">Ohjausj\u00e4rjestelmien suunnittelu, asennukset yll\u00e4pito<br \/>\n<\/span><\/li>\n<li><span style=\"font-size: 12pt;\">Logistiikka ja tekniikkakonsultointi yrityksille<\/span><\/li>\n<\/ul>\n","protected":false},"excerpt":{"rendered":"<p>Pro Vision ICT Oy tarjoaa asiakkailleen asiantuntevaa ja osaavaa palvelua. Alla mainittuna muutamia toimintaamme sis\u00e4ltyvi\u00e4 palveluita: Tietotekniikkapalvelut | Huolto | Asennukset | Tuotteiden maahantuonti ja myynti Valvontakameralaitteistot ja niiden asennukset Automaatioj\u00e4rjestelmien suunnittelu ja asennukset WWW sivustojen valmistus ja suunnittelu WWW &hellip; <a href=\"https:\/\/provisionict.fi\/?page_id=24\">Continue reading <span class=\"meta-nav\">&rarr;<\/span><\/a><\/p>\n","protected":false},"author":1,"featured_media":0,"parent":0,"menu_order":0,"comment_status":"closed","ping_status":"closed","template":"","meta":{"footnotes":""},"class_list":["post-24","page","type-page","status-publish","hentry"],"_links":{"self":[{"href":"https:\/\/provisionict.fi\/index.php?rest_route=\/wp\/v2\/pages\/24","targetHints":{"allow":["GET"]}}],"collection":[{"href":"https:\/\/provisionict.fi\/index.php?rest_route=\/wp\/v2\/pages"}],"about":[{"href":"https:\/\/provisionict.fi\/index.php?rest_route=\/wp\/v2\/types\/page"}],"author":[{"embeddable":true,"href":"https:\/\/provisionict.fi\/index.php?rest_route=\/wp\/v2\/users\/1"}],"replies":[{"embeddable":true,"href":"https:\/\/provisionict.fi\/index.php?rest_route=%2Fwp%2Fv2%2Fcomments&post=24"}],"version-history":[{"count":0,"href":"https:\/\/provisionict.fi\/index.php?rest_route=\/wp\/v2\/pages\/24\/revisions"}],"wp:attachment":[{"href":"https:\/\/provisionict.fi\/index.php?rest_route=%2Fwp%2Fv2%2Fmedia&parent=24"}],"curies":[{"name":"wp","href":"https:\/\/api.w.org\/{rel}","templated":true}]}}