{"id":46,"date":"2011-11-25T12:35:47","date_gmt":"2011-11-25T10:35:47","guid":{"rendered":"http:\/\/miniservu\/wp\/?page_id=46"},"modified":"2023-10-16T22:26:38","modified_gmt":"2023-10-16T19:26:38","slug":"tietoa-yrityksesta","status":"publish","type":"page","link":"https:\/\/provisionict.fi\/?page_id=46","title":{"rendered":"Tietoa Yrityksest\u00e4"},"content":{"rendered":"<p>Olemme toimineet jo 30 vuotta mm. tietotekniikan ja tietoliikennetekniikan parissa sek\u00e4 tuottaneet palveluita ja ratkaisuja sek\u00e4 audio ett\u00e4 videotuotannon alan yrityksille, joita ovat l\u00e4hes kaikki Suomessa toimivat videotuotantoyritykset sek\u00e4 l\u00e4hetystoiminnasta vastaavat tahot kuten YLE, MTV3 ja NELONEN.<br \/>\nOlemme my\u00f6s toimineet teknisen\u00e4 toimittajana useille eri tapahtumayhti\u00f6ille jotka ovat j\u00e4rjest\u00e4neet tapahtumia Suomen suurimmille yrityksille.<\/p>\n","protected":false},"excerpt":{"rendered":"<p>Olemme toimineet jo 30 vuotta mm. tietotekniikan ja tietoliikennetekniikan parissa sek\u00e4 tuottaneet palveluita ja ratkaisuja sek\u00e4 audio ett\u00e4 videotuotannon alan yrityksille, joita ovat l\u00e4hes kaikki Suomessa toimivat videotuotantoyritykset sek\u00e4 l\u00e4hetystoiminnasta vastaavat tahot kuten YLE, MTV3 ja NELONEN. Olemme my\u00f6s toimineet &hellip; <a href=\"https:\/\/provisionict.fi\/?page_id=46\">Continue reading <span class=\"meta-nav\">&rarr;<\/span><\/a><\/p>\n","protected":false},"author":1,"featured_media":0,"parent":0,"menu_order":0,"comment_status":"closed","ping_status":"closed","template":"","meta":{"footnotes":""},"class_list":["post-46","page","type-page","status-publish","hentry"],"_links":{"self":[{"href":"https:\/\/provisionict.fi\/index.php?rest_route=\/wp\/v2\/pages\/46","targetHints":{"allow":["GET"]}}],"collection":[{"href":"https:\/\/provisionict.fi\/index.php?rest_route=\/wp\/v2\/pages"}],"about":[{"href":"https:\/\/provisionict.fi\/index.php?rest_route=\/wp\/v2\/types\/page"}],"author":[{"embeddable":true,"href":"https:\/\/provisionict.fi\/index.php?rest_route=\/wp\/v2\/users\/1"}],"replies":[{"embeddable":true,"href":"https:\/\/provisionict.fi\/index.php?rest_route=%2Fwp%2Fv2%2Fcomments&post=46"}],"version-history":[{"count":0,"href":"https:\/\/provisionict.fi\/index.php?rest_route=\/wp\/v2\/pages\/46\/revisions"}],"wp:attachment":[{"href":"https:\/\/provisionict.fi\/index.php?rest_route=%2Fwp%2Fv2%2Fmedia&parent=46"}],"curies":[{"name":"wp","href":"https:\/\/api.w.org\/{rel}","templated":true}]}}